{"id":307,"date":"2014-12-21T15:19:05","date_gmt":"2014-12-21T13:19:05","guid":{"rendered":"http:\/\/www.31542-horsten.de\/?page_id=307"},"modified":"2014-12-21T15:32:18","modified_gmt":"2014-12-21T13:32:18","slug":"dorfportrait-horsten","status":"publish","type":"page","link":"http:\/\/www.31542-horsten.de\/?page_id=307","title":{"rendered":"Dorfportrait Horsten"},"content":{"rendered":"<p><a href=\"http:\/\/www.31542-horsten.de\/wp-content\/uploads\/2014\/12\/DPh_1.jpg\"><img loading=\"lazy\" decoding=\"async\" class=\"alignleft size-full wp-image-308\" src=\"http:\/\/www.31542-horsten.de\/wp-content\/uploads\/2014\/12\/DPh_1.jpg\" alt=\"DPh_1\" width=\"826\" height=\"305\" srcset=\"http:\/\/www.31542-horsten.de\/wp-content\/uploads\/2014\/12\/DPh_1.jpg 826w, http:\/\/www.31542-horsten.de\/wp-content\/uploads\/2014\/12\/DPh_1-300x110.jpg 300w\" sizes=\"auto, (max-width: 826px) 100vw, 826px\" \/><\/a><\/p>\n<p>In dieser Ausgabe der Stadt Land Fr\/L-ust ist alles etwas anders. Konventionell statt modern, ehrlich statt besch\u00f6nigt, wissenschaftlich statt fantasiert.<\/p>\n<p>Sie ist eine ganz besondere Ausgabe, da sie im Rahmen eines Studentenprojektes der Gottfried Wilhelm Leibniz Universit\u00e4t Hannover entstanden ist und den Schwerpunkt auf eine realistische Analyse des Dorflebens gelegt hat.<\/p>\n<p>Viele Menschen, vor allem die Stadtbewohner unter uns, sehnen sich oft nach mehr Zeit, Ruhe und Frieden, nach gr\u00fcnen Wiesen und bunten Blumen, nach frischen Eiern von gl\u00fccklichen H\u00fchnern oder einfach nur nach Omas selbstgebackenen Kuchen, der Kindheitserinnerungen weckt. Genau dieses Gef\u00fchl, dieses Image wird haltlos von zahlreichen Zeitschriften \u00fcber das Landleben projiziert, was vor allem den Verkaufszahlen jener Hochglanzmagazine zu Gute kommt.<br \/>\nDass die Wahrheit leider anders aussieht und auch das Dorfleben seine negativen Seiten hat, wird im Folgenden teils ironisch, teils ernst, jedoch gewiss immer seri\u00f6s in dieser aktuellen Ausgabe versucht zu vermittelt.<\/p>\n<p><a href=\"http:\/\/www.31542-horsten.de\/wp-content\/uploads\/2014\/12\/DPh_2.jpg\"><img loading=\"lazy\" decoding=\"async\" class=\"alignleft size-full wp-image-312\" src=\"http:\/\/www.31542-horsten.de\/wp-content\/uploads\/2014\/12\/DPh_2.jpg\" alt=\"DPh_2\" width=\"826\" height=\"430\" srcset=\"http:\/\/www.31542-horsten.de\/wp-content\/uploads\/2014\/12\/DPh_2.jpg 826w, http:\/\/www.31542-horsten.de\/wp-content\/uploads\/2014\/12\/DPh_2-300x156.jpg 300w\" sizes=\"auto, (max-width: 826px) 100vw, 826px\" \/><\/a><\/p>\n<p>Aus dem Inhalt:<\/p>\n<p>\u00dcber Gr\u00fcnes, Dorfb\u00e4ume, Naturschutz, Schlafloses, Landwirtschaft, Biogas und Mord ist zu lesen, von Infrastruktur, Suburbanisierung, Krieg um Gartenz\u00e4une wird berichtet, aber auch \u00fcber Dorfkultur, Dorffeste, Trachten und \u00fcber Weihnachtslieder.<\/p>\n<table border=\"0\">\n<tbody>\n<tr>\n<td align=\"top\" valign=\"top\"><a href=\"http:\/\/www.31542-horsten.de\/wp-content\/uploads\/2014\/12\/DPh_3.jpg\"><img decoding=\"async\" class=\"size-full wp-image-314 aligncenter\" src=\"http:\/\/www.31542-horsten.de\/wp-content\/uploads\/2014\/12\/DPh_3.jpg\" alt=\"DPh_3\" height=\"395\" srcset=\"http:\/\/www.31542-horsten.de\/wp-content\/uploads\/2014\/12\/DPh_3.jpg 354w, http:\/\/www.31542-horsten.de\/wp-content\/uploads\/2014\/12\/DPh_3-234x300.jpg 234w\" sizes=\"(max-width: 354px) 100vw, 354px\" \/><\/a><\/td>\n<td align=\"top\" valign=\"top\"><a href=\"http:\/\/www.31542-horsten.de\/wp-content\/uploads\/2014\/12\/DPh_4.jpg\"><img decoding=\"async\" class=\"size-full wp-image-313 aligncenter\" src=\"http:\/\/www.31542-horsten.de\/wp-content\/uploads\/2014\/12\/DPh_4.jpg\" alt=\"DPh_4\" height=\"395\" srcset=\"http:\/\/www.31542-horsten.de\/wp-content\/uploads\/2014\/12\/DPh_4.jpg 362w, http:\/\/www.31542-horsten.de\/wp-content\/uploads\/2014\/12\/DPh_4-274x300.jpg 274w\" sizes=\"(max-width: 362px) 100vw, 362px\" \/><\/a><\/td>\n<\/tr>\n<tr>\n<td colspan=\"2\"><a href=\"http:\/\/www.31542-horsten.de\/wp-content\/uploads\/2014\/12\/DPh_6.jpg\"><img loading=\"lazy\" decoding=\"async\" class=\"alignleft size-full wp-image-328\" src=\"http:\/\/www.31542-horsten.de\/wp-content\/uploads\/2014\/12\/DPh_6.jpg\" alt=\"DPh_6\" width=\"823\" height=\"408\" srcset=\"http:\/\/www.31542-horsten.de\/wp-content\/uploads\/2014\/12\/DPh_6.jpg 823w, http:\/\/www.31542-horsten.de\/wp-content\/uploads\/2014\/12\/DPh_6-300x148.jpg 300w\" sizes=\"auto, (max-width: 823px) 100vw, 823px\" \/><\/a><\/td>\n<\/tr>\n<tr>\n<td colspan=\"2\"><a href=\"http:\/\/www.31542-horsten.de\/wp-content\/uploads\/2014\/12\/DPh_7.jpg\"><img loading=\"lazy\" decoding=\"async\" class=\"alignleft size-full wp-image-330\" src=\"http:\/\/www.31542-horsten.de\/wp-content\/uploads\/2014\/12\/DPh_7.jpg\" alt=\"DPh_7\" width=\"821\" height=\"337\" srcset=\"http:\/\/www.31542-horsten.de\/wp-content\/uploads\/2014\/12\/DPh_7.jpg 821w, http:\/\/www.31542-horsten.de\/wp-content\/uploads\/2014\/12\/DPh_7-300x123.jpg 300w\" sizes=\"auto, (max-width: 821px) 100vw, 821px\" \/><\/a><\/td>\n<\/tr>\n<tr>\n<td colspan=\"2\"><a href=\"http:\/\/www.31542-horsten.de\/wp-content\/uploads\/2014\/12\/DPh_8.jpg\"><img loading=\"lazy\" decoding=\"async\" class=\"alignleft size-full wp-image-332\" src=\"http:\/\/www.31542-horsten.de\/wp-content\/uploads\/2014\/12\/DPh_8.jpg\" alt=\"DPh_8\" width=\"826\" height=\"236\" srcset=\"http:\/\/www.31542-horsten.de\/wp-content\/uploads\/2014\/12\/DPh_8.jpg 826w, http:\/\/www.31542-horsten.de\/wp-content\/uploads\/2014\/12\/DPh_8-300x85.jpg 300w\" sizes=\"auto, (max-width: 826px) 100vw, 826px\" \/><\/a><\/td>\n<\/tr>\n<\/tbody>\n<\/table>\n<p>Humoriges, Rezepte, Laternen zum Nachbasteln und so manch nicht ganz ernst zu nehmende Anzeige findet sich in diesem Heft, das als PDF Dokument hier heruntergeladen werden kann:<\/p>\n<p><a href=\"http:\/\/www.31542-horsten.de\/wp-content\/uploads\/2014\/12\/StadtLandFrLust_Horsten_2014.pdf\">Stadt Land Fr\/L-ust Horsten 2014<\/a><\/p>\n<p><a href=\"http:\/\/www.31542-horsten.de\/wp-content\/uploads\/2014\/12\/DPh_5.jpg\"><img loading=\"lazy\" decoding=\"async\" class=\"alignleft size-full wp-image-320\" src=\"http:\/\/www.31542-horsten.de\/wp-content\/uploads\/2014\/12\/DPh_5.jpg\" alt=\"DPh_5\" width=\"717\" height=\"912\" srcset=\"http:\/\/www.31542-horsten.de\/wp-content\/uploads\/2014\/12\/DPh_5.jpg 717w, http:\/\/www.31542-horsten.de\/wp-content\/uploads\/2014\/12\/DPh_5-235x300.jpg 235w\" sizes=\"auto, (max-width: 717px) 100vw, 717px\" \/><\/a><\/p>\n","protected":false},"excerpt":{"rendered":"<p>In dieser Ausgabe der Stadt Land Fr\/L-ust ist alles etwas anders. Konventionell statt modern, ehrlich statt besch\u00f6nigt, wissenschaftlich statt fantasiert. Sie ist eine ganz besondere Ausgabe, da sie im Rahmen eines Studentenprojektes der Gottfried Wilhelm Leibniz Universit\u00e4t Hannover entstanden ist &hellip; <a href=\"http:\/\/www.31542-horsten.de\/?page_id=307\">Weiterlesen <span class=\"meta-nav\">&rarr;<\/span><\/a><\/p>\n","protected":false},"author":1,"featured_media":0,"parent":0,"menu_order":8,"comment_status":"closed","ping_status":"open","template":"","meta":{"ngg_post_thumbnail":0,"footnotes":""},"class_list":["post-307","page","type-page","status-publish","hentry"],"_links":{"self":[{"href":"http:\/\/www.31542-horsten.de\/index.php?rest_route=\/wp\/v2\/pages\/307","targetHints":{"allow":["GET"]}}],"collection":[{"href":"http:\/\/www.31542-horsten.de\/index.php?rest_route=\/wp\/v2\/pages"}],"about":[{"href":"http:\/\/www.31542-horsten.de\/index.php?rest_route=\/wp\/v2\/types\/page"}],"author":[{"embeddable":true,"href":"http:\/\/www.31542-horsten.de\/index.php?rest_route=\/wp\/v2\/users\/1"}],"replies":[{"embeddable":true,"href":"http:\/\/www.31542-horsten.de\/index.php?rest_route=%2Fwp%2Fv2%2Fcomments&post=307"}],"version-history":[{"count":16,"href":"http:\/\/www.31542-horsten.de\/index.php?rest_route=\/wp\/v2\/pages\/307\/revisions"}],"predecessor-version":[{"id":333,"href":"http:\/\/www.31542-horsten.de\/index.php?rest_route=\/wp\/v2\/pages\/307\/revisions\/333"}],"wp:attachment":[{"href":"http:\/\/www.31542-horsten.de\/index.php?rest_route=%2Fwp%2Fv2%2Fmedia&parent=307"}],"curies":[{"name":"wp","href":"https:\/\/api.w.org\/{rel}","templated":true}]}}