{"id":363,"date":"2019-01-31T12:45:46","date_gmt":"2019-01-31T10:45:46","guid":{"rendered":"http:\/\/www.31542-horsten.de\/?page_id=363"},"modified":"2019-01-31T16:44:21","modified_gmt":"2019-01-31T14:44:21","slug":"horsten-2020","status":"publish","type":"page","link":"http:\/\/www.31542-horsten.de\/?page_id=363","title":{"rendered":"Horsten 2020"},"content":{"rendered":"<p><img loading=\"lazy\" decoding=\"async\" class=\"alignleft  wp-image-376\" src=\"http:\/\/www.31542-horsten.de\/wp-content\/uploads\/2019\/01\/LOGO_Horsten800_RZ-1024x463.jpg\" alt=\"logo_horsten800_rz\" width=\"602\" height=\"272\" srcset=\"http:\/\/www.31542-horsten.de\/wp-content\/uploads\/2019\/01\/LOGO_Horsten800_RZ-1024x463.jpg 1024w, http:\/\/www.31542-horsten.de\/wp-content\/uploads\/2019\/01\/LOGO_Horsten800_RZ-300x136.jpg 300w, http:\/\/www.31542-horsten.de\/wp-content\/uploads\/2019\/01\/LOGO_Horsten800_RZ-768x347.jpg 768w, http:\/\/www.31542-horsten.de\/wp-content\/uploads\/2019\/01\/LOGO_Horsten800_RZ.jpg 1397w\" sizes=\"auto, (max-width: 602px) 100vw, 602px\" \/><\/p>\n<p>&nbsp;<\/p>\n<p>&nbsp;<\/p>\n<p>&nbsp;<\/p>\n<p>&nbsp;<\/p>\n<p>&nbsp;<\/p>\n<p>Der Stadtteil Horsten bei Bad Nenndorf wurde in der \u00e4ltesten zur Zeit bekannten und noch erhaltenen Urkunde, die von Historikern dem Dorfe zugeordnet wurde, im Jahre 1220 erstmals schriftlich erw\u00e4hnt.<\/p>\n<p>Aber Horsten ist noch viel \u00e4lter.<\/p>\n<p>Keramikfunde im Ort belegen jedoch die durchgehene Besiedlung von der vorr\u00f6mischen Eisenzeit (ab ca. 750 v. Chr) an. Noch \u00e4ltere Funde, wie eine Messerklinge und Pfeilspitzen aus der Bronzezeit (um 2000 v. Chr) und ein Steinbeil aus der Jungsteinzeit (um 4000 v. Chr.) zeigen, dass in und um Horsten bereits weit vor der Zeitenwende gejagt und gesiedelt wurde.<\/p>\n<p>Das Jahr 2020 markiert somit in der Geschichte des Dorfes Horsten die \u00fcber 2000 j\u00e4hrige, bis heute andauernde Besiedlung. Gleichzeitig ist es das Gedenken, die Erinnerung an fr\u00fcher Erlebtes oder Geh\u00f6rtes und&nbsp; an seine Bewohner \u00fcber die Jahrhunderte.<\/p>\n<p>F\u00fcr das Festjahr 2020 planen die in der AG Horster Vereine zusammengeschlossenen Gruppen: Niend\u00e4rsche Kaumelerks e.V.m, Sch\u00fctzenverein Horsten e.V.m DRK Ortsverein Horsten, Freiwillige Feuerwehr Horsten, IG Alte Badeanstalt Horsten und die Jagdgenossenschaft Horsten eine Reihe von Veranstaltungen.<\/p>\n<p>Mehr erfahren Sie demn\u00e4chst hier auf dieser Seite.<\/p>\n","protected":false},"excerpt":{"rendered":"<p>&nbsp; &nbsp; &nbsp; &nbsp; &nbsp; Der Stadtteil Horsten bei Bad Nenndorf wurde in der \u00e4ltesten zur Zeit bekannten und noch erhaltenen Urkunde, die von Historikern dem Dorfe zugeordnet wurde, im Jahre 1220 erstmals schriftlich erw\u00e4hnt. Aber Horsten ist noch viel &hellip; <a href=\"http:\/\/www.31542-horsten.de\/?page_id=363\">Weiterlesen <span class=\"meta-nav\">&rarr;<\/span><\/a><\/p>\n","protected":false},"author":1,"featured_media":0,"parent":0,"menu_order":0,"comment_status":"closed","ping_status":"closed","template":"","meta":{"ngg_post_thumbnail":0,"footnotes":""},"class_list":["post-363","page","type-page","status-publish","hentry"],"_links":{"self":[{"href":"http:\/\/www.31542-horsten.de\/index.php?rest_route=\/wp\/v2\/pages\/363","targetHints":{"allow":["GET"]}}],"collection":[{"href":"http:\/\/www.31542-horsten.de\/index.php?rest_route=\/wp\/v2\/pages"}],"about":[{"href":"http:\/\/www.31542-horsten.de\/index.php?rest_route=\/wp\/v2\/types\/page"}],"author":[{"embeddable":true,"href":"http:\/\/www.31542-horsten.de\/index.php?rest_route=\/wp\/v2\/users\/1"}],"replies":[{"embeddable":true,"href":"http:\/\/www.31542-horsten.de\/index.php?rest_route=%2Fwp%2Fv2%2Fcomments&post=363"}],"version-history":[{"count":7,"href":"http:\/\/www.31542-horsten.de\/index.php?rest_route=\/wp\/v2\/pages\/363\/revisions"}],"predecessor-version":[{"id":377,"href":"http:\/\/www.31542-horsten.de\/index.php?rest_route=\/wp\/v2\/pages\/363\/revisions\/377"}],"wp:attachment":[{"href":"http:\/\/www.31542-horsten.de\/index.php?rest_route=%2Fwp%2Fv2%2Fmedia&parent=363"}],"curies":[{"name":"wp","href":"https:\/\/api.w.org\/{rel}","templated":true}]}}