{"id":50,"date":"2010-09-09T11:57:50","date_gmt":"2010-09-09T09:57:50","guid":{"rendered":"http:\/\/www.31542-horsten.de\/?page_id=50"},"modified":"2019-01-31T12:49:58","modified_gmt":"2019-01-31T10:49:58","slug":"alte-schule","status":"publish","type":"page","link":"http:\/\/www.31542-horsten.de\/?page_id=50","title":{"rendered":"Alte Schule Horsten"},"content":{"rendered":"<p>Das Grundst\u00fcck, auf dem das alte Schulgeb\u00e4ude steht, war fr\u00fcher eine eigenst\u00e4ndige Hofstelle mit der Hausnummer 20, die bereits auf der Karte von 1775 in der oberen Bildmitte zu sehen ist.<\/p>\n<p style=\"text-align: center;\"><img loading=\"lazy\" decoding=\"async\" class=\"aligncenter size-medium wp-image-60\" title=\"AS-Bild1\" src=\"http:\/\/www.31542-horsten.de\/wp-content\/uploads\/2010\/09\/AS-Bild1-300x212.jpg\" alt=\"\" width=\"300\" height=\"212\" srcset=\"http:\/\/www.31542-horsten.de\/wp-content\/uploads\/2010\/09\/AS-Bild1-300x212.jpg 300w, http:\/\/www.31542-horsten.de\/wp-content\/uploads\/2010\/09\/AS-Bild1.jpg 745w\" sizes=\"auto, (max-width: 300px) 100vw, 300px\" \/>Auf der Hofstelle 20 wurde neben der Landwirtschaft auch eine Schmiede betrieben. Im Jahre 1840 brannte das Anwesen ab. Der Giebelspruch erinnert noch an dieses Ereignis:<\/p>\n<blockquote><p>Den Vierrenzwanszigsten Junij 1840 das war die Nacht an der ich nicht gedenken mag, weil Haus und Hof Haab und Guth auf einmal stand in Flammer Gluth welch eine schreckens volle Nacht Gott gebe das ich sie nicht wieder so erleben mag.<\/p><\/blockquote>\n<p>Der damalige Eigent\u00fcmer wurde auf dem Weg von Rodenberg nach Horsten an der Aue von seinem Stiefsohn erschlagen und der Entsch\u00e4digung aus der Brandkasse beraubt. Diesen Mord und das weitere Leben des Stiefsohnes hat Adolf Mithoff in der Rodenberger Chronik festgehalten.<\/p>\n<p>Das Haus wurde zwar wieder aufgebaut, doch die letzten Eigent\u00fcmer wanderten im August 1844 mit ihren Kindern nach Amerika aus. Im selben Jahr hatte die Gemeinde Horsten bereits nach einem Grundst\u00fcck f\u00fcr einen Schulneubau gesucht, da das alte Geb\u00e4ude gegen\u00fcber des heutigen Schaumburger Hofes (das damalige Schulhaus ist am unteren rechten Rand des Kartenausschnitts zu sehen, sp\u00e4ter trug dieses Grundst\u00fcck die Hausnummer 31) zu klein geworden war. Erste Planungen sahen einen Neubau auf dem Grundst\u00fcck des heutigen Feuerwehrger\u00e4tehauses vor. Diese Pl\u00e4ne wurden wahrscheinlich aus Kostengr\u00fcnden verworfen, da das Grundst\u00fcck Nummer 20 zum Verkauf stand. Im Zuge der Ver\u00e4u\u00dferung wurde das Nebengeb\u00e4ude, bis dahin Hausnummer 20 1\/2 mit einem kleinen Grundst\u00fcck ausgewiesen und verkauft. Danach bekam es die Hausnummer 33.<\/p>\n<p style=\"text-align: left;\"><img loading=\"lazy\" decoding=\"async\" class=\"aligncenter size-medium wp-image-62\" title=\"AS-Bild2\" src=\"http:\/\/www.31542-horsten.de\/wp-content\/uploads\/2010\/09\/AS-Bild2-208x300.jpg\" alt=\"\" width=\"208\" height=\"300\" srcset=\"http:\/\/www.31542-horsten.de\/wp-content\/uploads\/2010\/09\/AS-Bild2-208x300.jpg 208w, http:\/\/www.31542-horsten.de\/wp-content\/uploads\/2010\/09\/AS-Bild2.jpg 362w\" sizes=\"auto, (max-width: 208px) 100vw, 208px\" \/>Im Zuge der Verkoppelung wurde 1875 in Horsten ein Friedhof angelegt. Bis dahin wurden die Toten auf dem Kirchhof in Gro\u00df Nenndorf bestattet. Um die Toten nicht l\u00e4nger ohne Glockengel\u00e4ut zu Grabe tragen zu m\u00fcssen, errichtete man 1892 auf dem Schulhaus einen Glockenturm mit einer Bronzeglocke, welche am 6. November 1892 feierlich eingeweiht wurde. Die Glocke trug die Inschrift:<\/p>\n<blockquote><p>Ich rufe euch, um Gott zu ehren.<br \/>\nIch rufe euch in Freud und Leid. Wenn ich an eurem Grab ert\u00f6ne, seid<br \/>\nihr schon in der Ewigkeit.<br \/>\nDie Toten geleite ich, die Lebenden rufe ich.<\/p><\/blockquote>\n<p>1902 wurde das Geb\u00e4ude auf Dr\u00e4ngen des damaligen Lehrers umgebaut und saniert. Der Klassenraum musste zu Lasten der Lehmdiele vergr\u00f6\u00dfert werden, da die Sch\u00fclerzahl teilweise \u00fcber 50 betrug. An Stelle des Dielentores wurde die heutige zweifl\u00fcgelige Haust\u00fcr eingebaut.<\/p>\n<p style=\"text-align: left;\"><img loading=\"lazy\" decoding=\"async\" class=\"aligncenter size-medium wp-image-63\" title=\"AS-Bild3\" src=\"http:\/\/www.31542-horsten.de\/wp-content\/uploads\/2010\/09\/AS-Bild3-300x222.jpg\" alt=\"\" width=\"300\" height=\"222\" srcset=\"http:\/\/www.31542-horsten.de\/wp-content\/uploads\/2010\/09\/AS-Bild3-300x222.jpg 300w, http:\/\/www.31542-horsten.de\/wp-content\/uploads\/2010\/09\/AS-Bild3.jpg 654w\" sizes=\"auto, (max-width: 300px) 100vw, 300px\" \/>Der Schweinestall und die Aborte wurden in ein neu errichtetes Nebengeb\u00e4ude ausgelagert. Dieser Umbau kostete die Gemeinde in etwa 4.800,00 Reichsmark. In diesem Zustand wurde die Schule bis 1974 betrieben.<\/p>\n<p style=\"text-align: left;\"><img loading=\"lazy\" decoding=\"async\" class=\"aligncenter size-medium wp-image-64\" title=\"AS-Bild4\" src=\"http:\/\/www.31542-horsten.de\/wp-content\/uploads\/2010\/09\/AS-Bild4-300x215.jpg\" alt=\"\" width=\"300\" height=\"215\" srcset=\"http:\/\/www.31542-horsten.de\/wp-content\/uploads\/2010\/09\/AS-Bild4-300x215.jpg 300w, http:\/\/www.31542-horsten.de\/wp-content\/uploads\/2010\/09\/AS-Bild4-1024x735.jpg 1024w, http:\/\/www.31542-horsten.de\/wp-content\/uploads\/2010\/09\/AS-Bild4.jpg 1436w\" sizes=\"auto, (max-width: 300px) 100vw, 300px\" \/>Lediglich der Glockenturm wurde 1948 f\u00fcr zwei Glocken umgebaut, weil die alte Bronzeglocke am 12. Januar 1942 abgenommen und danach eingeschmolzen wurde. Es wurden zwei neue Stahlglocken einer Firma aus Bockenem angeschafft, die zum ersten Mal am 4. Advent 1948 erklangen und noch heute in den T\u00f6nen a und c den Sonntag einl\u00e4uten. Bis zur Aufgabe der Schule wurden die Glocken per Hand gel\u00e4utet. Das sp\u00e4ter eingebaute automatische L\u00e4utewerk f\u00fchrte in den n\u00e4chsten Jahren dazu, dass das Geb\u00e4ude einzust\u00fcrzen drohte.<\/p>\n<p>Die Gemeinde Bad Nenndorf wollte daher im Jahr 1977 das alte Schulhaus abrei\u00dfen und an dessen Stelle einen Campanile (alleinstehender Glockenturm) errichten. Auf Initiative einiger Ratsmitglieder wurde das Geb\u00e4ude allerdings zum Verkauf ausgeschrieben, mit der Bedingung den Glockenturm mit den beiden Glocken zu erhalten und das L\u00e4uten dreimal t\u00e4glich zuzulassen. Ein Architekt erwarb 1978 das Geb\u00e4ude und baute es in 15 Monaten zu einem Wohnhaus mit B\u00fcro um. Das klassische Vierst\u00e4nder-Haus wurde den heutigen Wohnanspr\u00fcchen angepasst, dabei auch der ehemalige Klassenraum aufgel\u00f6st, um die historische Struktur zumindest im Inneren des Hauses wieder herzustellen. Auch der Glockenturm wurde saniert, damit die Horster Glocken wieder werktags um 7:00, 12:00 und um 18:00 Uhr l\u00e4uten k\u00f6nnen.<\/p>\n<p style=\"text-align: left;\"><img loading=\"lazy\" decoding=\"async\" class=\"aligncenter size-medium wp-image-59\" title=\"AS-Bild5\" src=\"http:\/\/www.31542-horsten.de\/wp-content\/uploads\/2010\/09\/AS-Bild5-225x300.jpg\" alt=\"\" width=\"225\" height=\"300\" srcset=\"http:\/\/www.31542-horsten.de\/wp-content\/uploads\/2010\/09\/AS-Bild5-225x300.jpg 225w, http:\/\/www.31542-horsten.de\/wp-content\/uploads\/2010\/09\/AS-Bild5-768x1024.jpg 768w, http:\/\/www.31542-horsten.de\/wp-content\/uploads\/2010\/09\/AS-Bild5.jpg 1728w\" sizes=\"auto, (max-width: 225px) 100vw, 225px\" \/>Ende der 1990er Jahre entstand zwischen dem Haupthaus und dem ehemaligen Stall ein moderner Wintergarten aus einer farbigen Aluminium-Glas-Konstruktion.<\/p>\n<p><small><em>Text &amp; Fotos: HBBF, Kartenausschnitt: NLAStA B\u00fcckeburg C188, Horsten 2007<\/em><\/small><\/p>\n","protected":false},"excerpt":{"rendered":"<p>Das Grundst\u00fcck, auf dem das alte Schulgeb\u00e4ude steht, war fr\u00fcher eine eigenst\u00e4ndige Hofstelle mit der Hausnummer 20, die bereits auf der Karte von 1775 in der oberen Bildmitte zu sehen ist. Auf der Hofstelle 20 wurde neben der Landwirtschaft auch &hellip; <a href=\"http:\/\/www.31542-horsten.de\/?page_id=50\">Weiterlesen <span class=\"meta-nav\">&rarr;<\/span><\/a><\/p>\n","protected":false},"author":1,"featured_media":0,"parent":0,"menu_order":1,"comment_status":"closed","ping_status":"closed","template":"","meta":{"ngg_post_thumbnail":0,"footnotes":""},"class_list":["post-50","page","type-page","status-publish","hentry"],"_links":{"self":[{"href":"http:\/\/www.31542-horsten.de\/index.php?rest_route=\/wp\/v2\/pages\/50","targetHints":{"allow":["GET"]}}],"collection":[{"href":"http:\/\/www.31542-horsten.de\/index.php?rest_route=\/wp\/v2\/pages"}],"about":[{"href":"http:\/\/www.31542-horsten.de\/index.php?rest_route=\/wp\/v2\/types\/page"}],"author":[{"embeddable":true,"href":"http:\/\/www.31542-horsten.de\/index.php?rest_route=\/wp\/v2\/users\/1"}],"replies":[{"embeddable":true,"href":"http:\/\/www.31542-horsten.de\/index.php?rest_route=%2Fwp%2Fv2%2Fcomments&post=50"}],"version-history":[{"count":21,"href":"http:\/\/www.31542-horsten.de\/index.php?rest_route=\/wp\/v2\/pages\/50\/revisions"}],"predecessor-version":[{"id":367,"href":"http:\/\/www.31542-horsten.de\/index.php?rest_route=\/wp\/v2\/pages\/50\/revisions\/367"}],"wp:attachment":[{"href":"http:\/\/www.31542-horsten.de\/index.php?rest_route=%2Fwp%2Fv2%2Fmedia&parent=50"}],"curies":[{"name":"wp","href":"https:\/\/api.w.org\/{rel}","templated":true}]}}